{"id":8243,"date":"2025-08-05T10:01:48","date_gmt":"2025-08-05T10:01:48","guid":{"rendered":"https:\/\/relaunch.novasina.ch\/imprint\/"},"modified":"2025-10-15T06:46:28","modified_gmt":"2025-10-15T06:46:28","slug":"impressum","status":"publish","type":"page","link":"https:\/\/novasina.ch\/de\/impressum\/","title":{"rendered":"Impressum"},"content":{"rendered":"<style>.kb-row-layout-id8243_487dc1-1f > .kt-row-column-wrap{align-content:start;}:where(.kb-row-layout-id8243_487dc1-1f > .kt-row-column-wrap) > .wp-block-kadence-column{justify-content:start;}.kb-row-layout-id8243_487dc1-1f > .kt-row-column-wrap{column-gap:var(--global-kb-gap-md, 2rem);row-gap:var(--global-kb-gap-md, 2rem);max-width:var( --global-content-width, 1100px );padding-left:var(--global-content-edge-padding);padding-right:var(--global-content-edge-padding);padding-top:var(--global-kb-spacing-xxl, 5rem);padding-bottom:var(--global-kb-spacing-xxl, 5rem);grid-template-columns:minmax(0, 1fr);}.kb-row-layout-id8243_487dc1-1f{background-image:url('https:\/\/novasina.ch\/wp-content\/uploads\/2025\/06\/novasina-background-2000px.jpg');background-size:cover;background-position:62% 34%;background-attachment:scroll;background-repeat:no-repeat;}.kb-row-layout-id8243_487dc1-1f > .kt-row-layout-overlay{opacity:0.19;background-color:#0b7a8b;}@media all and (max-width: 1024px){.kb-row-layout-id8243_487dc1-1f > .kt-row-column-wrap{grid-template-columns:minmax(0, 1fr);}}@media all and (max-width: 767px){.kb-row-layout-id8243_487dc1-1f > .kt-row-column-wrap{padding-top:var(--global-kb-spacing-xl, 4rem);padding-bottom:var(--global-kb-spacing-xl, 4rem);grid-template-columns:minmax(0, 1fr);}}<\/style><div class=\"kb-row-layout-wrap kb-row-layout-id8243_487dc1-1f alignfull kt-row-has-bg wp-block-kadence-rowlayout\"><div class=\"kt-row-layout-overlay kt-row-overlay-normal\"><\/div><div class=\"kt-row-column-wrap kt-has-1-columns kt-row-layout-equal kt-tab-layout-inherit kt-mobile-layout-row kt-row-valign-top kb-theme-content-width\">\n<style>.kadence-column8243_16d80a-4c > .kt-inside-inner-col,.kadence-column8243_16d80a-4c > .kt-inside-inner-col:before{border-top-left-radius:0px;border-top-right-radius:0px;border-bottom-right-radius:0px;border-bottom-left-radius:0px;}.kadence-column8243_16d80a-4c > .kt-inside-inner-col{column-gap:var(--global-kb-gap-sm, 1rem);}.kadence-column8243_16d80a-4c > .kt-inside-inner-col{flex-direction:column;}.kadence-column8243_16d80a-4c > .kt-inside-inner-col > .aligncenter{width:100%;}.kadence-column8243_16d80a-4c > .kt-inside-inner-col:before{opacity:0.3;}.kadence-column8243_16d80a-4c{position:relative;}@media all and (max-width: 1024px){.kadence-column8243_16d80a-4c > .kt-inside-inner-col{flex-direction:column;justify-content:center;}}@media all and (max-width: 767px){.kadence-column8243_16d80a-4c > .kt-inside-inner-col{flex-direction:column;justify-content:center;}}<\/style>\n<div class=\"wp-block-kadence-column kadence-column8243_16d80a-4c\"><div class=\"kt-inside-inner-col\"><style>.wp-block-kadence-advancedheading.kt-adv-heading8243_fff7f1-47, .wp-block-kadence-advancedheading.kt-adv-heading8243_fff7f1-47[data-kb-block=\"kb-adv-heading8243_fff7f1-47\"]{font-size:65px;font-weight:400;font-style:normal;font-family:Outfit;}.wp-block-kadence-advancedheading.kt-adv-heading8243_fff7f1-47 mark.kt-highlight, .wp-block-kadence-advancedheading.kt-adv-heading8243_fff7f1-47[data-kb-block=\"kb-adv-heading8243_fff7f1-47\"] mark.kt-highlight{font-style:normal;color:#f76a0c;-webkit-box-decoration-break:clone;box-decoration-break:clone;padding-top:0px;padding-right:0px;padding-bottom:0px;padding-left:0px;}.wp-block-kadence-advancedheading.kt-adv-heading8243_fff7f1-47 img.kb-inline-image, .wp-block-kadence-advancedheading.kt-adv-heading8243_fff7f1-47[data-kb-block=\"kb-adv-heading8243_fff7f1-47\"] img.kb-inline-image{width:150px;vertical-align:baseline;}@media all and (max-width: 767px){.wp-block-kadence-advancedheading.kt-adv-heading8243_fff7f1-47, .wp-block-kadence-advancedheading.kt-adv-heading8243_fff7f1-47[data-kb-block=\"kb-adv-heading8243_fff7f1-47\"]{font-size:45px;}}<\/style>\n<h1 class=\"kt-adv-heading8243_fff7f1-47 wp-block-kadence-advancedheading has-theme-palette-9-color has-text-color\" data-kb-block=\"kb-adv-heading8243_fff7f1-47\">Impressum<\/h1>\n<\/div><\/div>\n\n<\/div><\/div>\n\n<style>.kb-row-layout-id8243_bedbd5-b7 > .kt-row-column-wrap{align-content:start;}:where(.kb-row-layout-id8243_bedbd5-b7 > .kt-row-column-wrap) > .wp-block-kadence-column{justify-content:start;}.kb-row-layout-id8243_bedbd5-b7 > .kt-row-column-wrap{column-gap:var(--global-kb-gap-md, 2rem);row-gap:var(--global-kb-gap-md, 2rem);max-width:var( --global-content-width, 1100px );padding-left:var(--global-content-edge-padding);padding-right:var(--global-content-edge-padding);padding-top:var(--global-kb-spacing-xxl, 5rem);padding-bottom:var(--global-kb-spacing-3xl, 6.5rem);grid-template-columns:minmax(0, calc(65% - ((var(--global-kb-gap-md, 2rem) * 1 )\/2)))minmax(0, calc(35% - ((var(--global-kb-gap-md, 2rem) * 1 )\/2)));}.kb-row-layout-id8243_bedbd5-b7 > .kt-row-layout-overlay{opacity:0.30;}@media all and (max-width: 1024px){.kb-row-layout-id8243_bedbd5-b7 > .kt-row-column-wrap{padding-top:var(--global-kb-spacing-xxl, 5rem);padding-bottom:var(--global-kb-spacing-xl, 4rem);grid-template-columns:minmax(0, 1fr);}}@media all and (max-width: 767px){.kb-row-layout-id8243_bedbd5-b7 > .kt-row-column-wrap{padding-top:var(--global-kb-spacing-xl, 4rem);padding-bottom:var(--global-kb-spacing-md, 2rem);grid-template-columns:minmax(0, 1fr);}}<\/style><div class=\"kb-row-layout-wrap kb-row-layout-id8243_bedbd5-b7 alignfull wp-block-kadence-rowlayout\"><div class=\"kt-row-column-wrap kt-has-2-columns kt-row-layout-equal kt-tab-layout-row kt-mobile-layout-row kt-row-valign-top kb-theme-content-width\">\n<style>.kadence-column8243_8f0664-30 > .kt-inside-inner-col,.kadence-column8243_8f0664-30 > .kt-inside-inner-col:before{border-top-left-radius:0px;border-top-right-radius:0px;border-bottom-right-radius:0px;border-bottom-left-radius:0px;}.kadence-column8243_8f0664-30 > .kt-inside-inner-col{column-gap:var(--global-kb-gap-sm, 1rem);}.kadence-column8243_8f0664-30 > .kt-inside-inner-col{flex-direction:column;}.kadence-column8243_8f0664-30 > .kt-inside-inner-col > .aligncenter{width:100%;}.kadence-column8243_8f0664-30 > .kt-inside-inner-col:before{opacity:0.3;}.kadence-column8243_8f0664-30{position:relative;}@media all and (max-width: 1024px){.kadence-column8243_8f0664-30 > .kt-inside-inner-col{flex-direction:column;justify-content:center;}}@media all and (max-width: 767px){.kadence-column8243_8f0664-30 > .kt-inside-inner-col{flex-direction:column;justify-content:center;}}<\/style>\n<div class=\"wp-block-kadence-column kadence-column8243_8f0664-30\"><div class=\"kt-inside-inner-col\">\n<p><strong>Novasina AG<br><\/strong>Neuheimstrasse 12<br>CH-8853 Lachen<br>Switzerland<\/p>\n\n\n\n<p><strong>Vertreten durch:<\/strong><br>Hr. Felix Oesch<\/p>\n\n\n\n<h2 class=\"wp-block-heading\">Kontakt<\/h2>\n\n\n\n<p>Telefon: <a href=\"tel:+41556426767\">+41 55 642 67 67<\/a><br>E-Mail: <a href=\"mailto:sales@novasina.ch\">sales@novasina.ch<\/a><\/p>\n\n\n\n<h2 class=\"wp-block-heading\">UID Nummer<\/h2>\n\n\n\n<p>CHE-113.389.765 MWST<\/p>\n\n\n\n<h2 class=\"wp-block-heading\">Redaktionell verantwortlich<\/h2>\n\n\n\n<p>Novasina AG<br>Neuheimstrasse 12<br>CH-8853 Lachen<br>Hr. Felix Oesch<br><br>Telefon <a href=\"tel:+41556426767\">+41 55 642 67 67<\/a><br>E-Mail <a href=\"mailto:sales@novasina.ch\">sales@novasina.ch<\/a><\/p>\n\n\n\n<h2 class=\"wp-block-heading\">Verbraucher\u00adstreit\u00adbeilegung\/Universal\u00adschlichtungs\u00adstelle<\/h2>\n\n\n\n<p>Wir sind nicht bereit oder verpflichtet, an Streitbeilegungsverfahren vor einer Verbraucherschlichtungsstelle teilzunehmen.<\/p>\n\n\n\n<h2 class=\"wp-block-heading\">Zentrale Kontaktstelle nach dem Digital Services Act &#8211; DSA (Verordnung (EU) 2022\/265)<\/h2>\n\n\n\n<p>Unsere zentrale Kontaktstelle f\u00fcr Nutzer und Beh\u00f6rden nach Art. 11, 12 DSA erreichen Sie wie folgt:<\/p>\n\n\n\n<p>E-Mail: <a href=\"mailto:sales@novasina.ch\">sales@novasina.ch<\/a><br>Telefon: <a href=\"tel:+41556426767\">+41 55 642 67 67<\/a><\/p>\n\n\n\n<p>Sonstige Kontaktwege:<br>novasina.ch\/contact\/<\/p>\n\n\n\n<p>Die f\u00fcr den Kontakt zur Verf\u00fcgung stehenden Sprachen sind: Deutsch, Englisch.<\/p>\n\n\n\n<p><strong>Copyright<\/strong><br>Die Ver\u00f6ffentlichungen auf diesen Seiten unterliegen dem schweizerischen Urheberrecht. Beitr\u00e4ge von externen Autoren sind als solche gekennzeichnet. Vervielf\u00e4ltigung, Bearbeitung und jede Art der Verwertung au\u00dferhalb der Grenzen des Urheberrechtes bed\u00fcrfen der schriftlichen Zustimmung der Novasina AG oder des jeweiligen Autors. Downloads und Kopien dieser Seite sind nur f\u00fcr den privaten, nicht kommerziellen Gebrauch gestattet.<\/p>\n\n\n\n<p><strong>Liability for Content<\/strong><br>Die auf diesen Seiten bereitgestellten Informationen sind allgemeiner und informativer Natur. Die Inhalte werden mit der gr\u00f6\u00dftm\u00f6glichen Sorgfalt erstellt. Dennoch k\u00f6nnen wir keine Haftung f\u00fcr deren Richtigkeit, Vollst\u00e4ndigkeit und Aktualit\u00e4t \u00fcbernehmen.<\/p>\n\n\n\n<p><strong>Haftung f\u00fcr Links<\/strong><br>Die auf diesen Seiten angebotenen externen Links f\u00fchren zu Inhalten Dritter. Trotz sorgf\u00e4ltiger inhaltlicher Kontrolle \u00fcbernehmen wir keine Haftung f\u00fcr die Inhalte externer Links. F\u00fcr den Inhalt der verlinkten Seiten sind ausschlie\u00dflich deren Betreiber verantwortlich. Externe Links sind als solche gekennzeichnet. Bei Bekanntwerden von Rechtsverletzungen werden wir derartige Links umgehend entfernen.&nbsp;<\/p>\n<\/div><\/div>\n\n\n<style>#wrapper.site{overflow:clip;}.kadence-column8243_6d003a-4f{--kb-section-setting-offset:100px;}.kadence-column8243_6d003a-4f > .kt-inside-inner-col{padding-top:var(--global-kb-spacing-xl, 4rem);padding-right:var(--global-kb-spacing-xl, 4rem);padding-bottom:var(--global-kb-spacing-xl, 4rem);padding-left:var(--global-kb-spacing-xl, 4rem);}.kadence-column8243_6d003a-4f > .kt-inside-inner-col{box-shadow:0px 0px 80px 0px rgba(0, 0, 0, 0.05);}.kadence-column8243_6d003a-4f > .kt-inside-inner-col,.kadence-column8243_6d003a-4f > .kt-inside-inner-col:before{border-top-left-radius:0px;border-top-right-radius:0px;border-bottom-right-radius:0px;border-bottom-left-radius:0px;}.kadence-column8243_6d003a-4f > .kt-inside-inner-col{column-gap:var(--global-kb-gap-sm, 1rem);}.kadence-column8243_6d003a-4f > .kt-inside-inner-col{flex-direction:column;}.kadence-column8243_6d003a-4f > .kt-inside-inner-col > .aligncenter{width:100%;}.kadence-column8243_6d003a-4f > .kt-inside-inner-col:before{opacity:0.3;}.kadence-column8243_6d003a-4f{position:relative;}@media all and (max-width: 1024px){.kadence-column8243_6d003a-4f > .kt-inside-inner-col{flex-direction:column;justify-content:center;}}@media all and (max-width: 767px){.kadence-column8243_6d003a-4f > .kt-inside-inner-col{flex-direction:column;justify-content:center;}}<\/style>\n<div class=\"wp-block-kadence-column kadence-column8243_6d003a-4f kb-section-is-sticky\"><div class=\"kt-inside-inner-col\"><style>.wp-block-kadence-image.kb-image8243_92232b-e8:not(.kb-specificity-added):not(.kb-extra-specificity-added){margin-bottom:var(--global-kb-spacing-md, 2rem);}.kb-image8243_92232b-e8.kb-image-is-ratio-size, .kb-image8243_92232b-e8 .kb-image-is-ratio-size{max-width:190px;width:100%;}.wp-block-kadence-column > .kt-inside-inner-col > .kb-image8243_92232b-e8.kb-image-is-ratio-size, .wp-block-kadence-column > .kt-inside-inner-col > .kb-image8243_92232b-e8 .kb-image-is-ratio-size{align-self:unset;}.kb-image8243_92232b-e8 figure{max-width:190px;}.kb-image8243_92232b-e8 .image-is-svg, .kb-image8243_92232b-e8 .image-is-svg img{width:100%;}.kb-image8243_92232b-e8 .kb-image-has-overlay:after{opacity:0.3;}<\/style>\n<div class=\"wp-block-kadence-image kb-image8243_92232b-e8\"><figure class=\"aligncenter size-full\"><img decoding=\"async\" width=\"600\" height=\"72\" src=\"https:\/\/novasina.ch\/wp-content\/uploads\/2025\/08\/mindroom.webp\" alt=\"\" class=\"kb-img wp-image-3046\" srcset=\"https:\/\/novasina.ch\/wp-content\/uploads\/2025\/08\/mindroom.webp 600w, https:\/\/novasina.ch\/wp-content\/uploads\/2025\/08\/mindroom-300x36.webp 300w\" sizes=\"(max-width: 600px) 100vw, 600px\" \/><\/figure><\/div>\n\n\n<style>.wp-block-kadence-advancedheading.kt-adv-heading8243_bf5b30-34, .wp-block-kadence-advancedheading.kt-adv-heading8243_bf5b30-34[data-kb-block=\"kb-adv-heading8243_bf5b30-34\"]{margin-bottom:0px;text-align:center;font-size:var(--global-kb-font-size-sm, 0.9rem);font-style:normal;color:#6e6e6e;}.wp-block-kadence-advancedheading.kt-adv-heading8243_bf5b30-34 mark.kt-highlight, .wp-block-kadence-advancedheading.kt-adv-heading8243_bf5b30-34[data-kb-block=\"kb-adv-heading8243_bf5b30-34\"] mark.kt-highlight{font-style:normal;color:#f76a0c;-webkit-box-decoration-break:clone;box-decoration-break:clone;padding-top:0px;padding-right:0px;padding-bottom:0px;padding-left:0px;}.wp-block-kadence-advancedheading.kt-adv-heading8243_bf5b30-34 img.kb-inline-image, .wp-block-kadence-advancedheading.kt-adv-heading8243_bf5b30-34[data-kb-block=\"kb-adv-heading8243_bf5b30-34\"] img.kb-inline-image{width:150px;vertical-align:baseline;}.wp-block-kadence-advancedheading.kt-adv-heading8243_bf5b30-34[data-kb-block=\"kb-adv-heading8243_bf5b30-34\"] a, .kt-adv-heading-link8243_bf5b30-34, .kt-adv-heading-link8243_bf5b30-34 .kt-adv-heading8243_bf5b30-34[data-kb-block=\"kb-adv-heading8243_bf5b30-34\"]{color:var(--global-palette2, #2B6CB0);}.wp-block-kadence-advancedheading.kt-adv-heading8243_bf5b30-34[data-kb-block=\"kb-adv-heading8243_bf5b30-34\"] a:hover, .kt-adv-heading-link8243_bf5b30-34:hover, .kt-adv-heading-link8243_bf5b30-34:hover .kt-adv-heading8243_bf5b30-34[data-kb-block=\"kb-adv-heading8243_bf5b30-34\"]{color:var(--global-palette1, #3182CE);}.wp-block-kadence-advancedheading.kt-adv-heading8243_bf5b30-34[data-kb-block=\"kb-adv-heading8243_bf5b30-34\"] a, a.kb-advanced-heading-link.kt-adv-heading-link8243_bf5b30-34{text-decoration:none;}<\/style>\n<p class=\"kt-adv-heading8243_bf5b30-34 wp-block-kadence-advancedheading hls-none\" data-kb-block=\"kb-adv-heading8243_bf5b30-34\">Website made by MINDROOM<br><a href=\"http:\/\/www.mindroom.studio\">www.mindroom.studio<\/a><\/p>\n<\/div><\/div>\n\n<\/div><\/div>","protected":false},"excerpt":{"rendered":"<p>Impressum Novasina AGNeuheimstrasse 12CH-8853 LachenSwitzerland Vertreten durch:Hr. Felix Oesch Kontakt Telefon: +41 55 642 67 67E-Mail: sales@novasina.ch UID Nummer CHE-113.389.765 MWST Redaktionell verantwortlich Novasina AGNeuheimstrasse 12CH-8853 LachenHr. Felix Oesch Telefon +41 55 642 67 67E-Mail sales@novasina.ch Verbraucher\u00adstreit\u00adbeilegung\/Universal\u00adschlichtungs\u00adstelle Wir sind nicht bereit oder verpflichtet, an Streitbeilegungsverfahren vor einer Verbraucherschlichtungsstelle teilzunehmen. Zentrale Kontaktstelle nach dem Digital Services&#8230;<\/p>\n","protected":false},"author":2,"featured_media":0,"parent":0,"menu_order":9,"comment_status":"closed","ping_status":"closed","template":"","meta":{"_acf_changed":false,"qubely_global_settings":"","qubely_interactions":"","_kad_blocks_custom_css":"","_kad_blocks_head_custom_js":"","_kad_blocks_body_custom_js":"","_kad_blocks_footer_custom_js":"","_kad_post_transparent":"","_kad_post_title":"","_kad_post_layout":"","_kad_post_sidebar_id":"","_kad_post_content_style":"","_kad_post_vertical_padding":"","_kad_post_feature":"","_kad_post_feature_position":"","_kad_post_header":false,"_kad_post_footer":false,"_kad_post_classname":"","iawp_total_views":46,"footnotes":""},"class_list":["post-8243","page","type-page","status-publish","hentry"],"acf":[],"yoast_head":"<!-- This site is optimized with the Yoast SEO plugin v27.5 - https:\/\/yoast.com\/product\/yoast-seo-wordpress\/ -->\n<title>Impressum - Novasina<\/title>\n<meta name=\"robots\" content=\"index, follow, max-snippet:-1, max-image-preview:large, max-video-preview:-1\" \/>\n<link rel=\"canonical\" href=\"https:\/\/novasina.ch\/de\/impressum\/\" \/>\n<meta property=\"og:locale\" content=\"de_DE\" \/>\n<meta property=\"og:type\" content=\"article\" \/>\n<meta property=\"og:title\" content=\"Impressum - Novasina\" \/>\n<meta property=\"og:description\" content=\"Impressum Novasina AGNeuheimstrasse 12CH-8853 LachenSwitzerland Vertreten durch:Hr. Felix Oesch Kontakt Telefon: +41 55 642 67 67E-Mail: sales@novasina.ch UID Nummer CHE-113.389.765 MWST Redaktionell verantwortlich Novasina AGNeuheimstrasse 12CH-8853 LachenHr. Felix Oesch Telefon +41 55 642 67 67E-Mail sales@novasina.ch Verbraucher\u00adstreit\u00adbeilegung\/Universal\u00adschlichtungs\u00adstelle Wir sind nicht bereit oder verpflichtet, an Streitbeilegungsverfahren vor einer Verbraucherschlichtungsstelle teilzunehmen. Zentrale Kontaktstelle nach dem Digital Services...\" \/>\n<meta property=\"og:url\" content=\"https:\/\/novasina.ch\/de\/impressum\/\" \/>\n<meta property=\"og:site_name\" content=\"Novasina\" \/>\n<meta property=\"article:modified_time\" content=\"2025-10-15T06:46:28+00:00\" \/>\n<meta property=\"og:image\" content=\"https:\/\/novasina.ch\/wp-content\/uploads\/2025\/08\/mindroom.webp\" \/>\n<meta name=\"twitter:card\" content=\"summary_large_image\" \/>\n<meta name=\"twitter:label1\" content=\"Gesch\u00e4tzte Lesezeit\" \/>\n\t<meta name=\"twitter:data1\" content=\"2\u00a0Minuten\" \/>\n<script type=\"application\/ld+json\" class=\"yoast-schema-graph\">{\"@context\":\"https:\\\/\\\/schema.org\",\"@graph\":[{\"@type\":\"WebPage\",\"@id\":\"https:\\\/\\\/novasina.ch\\\/de\\\/impressum\\\/\",\"url\":\"https:\\\/\\\/novasina.ch\\\/de\\\/impressum\\\/\",\"name\":\"Impressum - Novasina\",\"isPartOf\":{\"@id\":\"https:\\\/\\\/novasina.ch\\\/de\\\/#website\"},\"primaryImageOfPage\":{\"@id\":\"https:\\\/\\\/novasina.ch\\\/de\\\/impressum\\\/#primaryimage\"},\"image\":{\"@id\":\"https:\\\/\\\/novasina.ch\\\/de\\\/impressum\\\/#primaryimage\"},\"thumbnailUrl\":\"https:\\\/\\\/novasina.ch\\\/wp-content\\\/uploads\\\/2025\\\/08\\\/mindroom.webp\",\"datePublished\":\"2025-08-05T10:01:48+00:00\",\"dateModified\":\"2025-10-15T06:46:28+00:00\",\"breadcrumb\":{\"@id\":\"https:\\\/\\\/novasina.ch\\\/de\\\/impressum\\\/#breadcrumb\"},\"inLanguage\":\"de\",\"potentialAction\":[{\"@type\":\"ReadAction\",\"target\":[\"https:\\\/\\\/novasina.ch\\\/de\\\/impressum\\\/\"]}]},{\"@type\":\"ImageObject\",\"inLanguage\":\"de\",\"@id\":\"https:\\\/\\\/novasina.ch\\\/de\\\/impressum\\\/#primaryimage\",\"url\":\"https:\\\/\\\/novasina.ch\\\/wp-content\\\/uploads\\\/2025\\\/08\\\/mindroom.webp\",\"contentUrl\":\"https:\\\/\\\/novasina.ch\\\/wp-content\\\/uploads\\\/2025\\\/08\\\/mindroom.webp\"},{\"@type\":\"BreadcrumbList\",\"@id\":\"https:\\\/\\\/novasina.ch\\\/de\\\/impressum\\\/#breadcrumb\",\"itemListElement\":[{\"@type\":\"ListItem\",\"position\":1,\"name\":\"Home\",\"item\":\"https:\\\/\\\/novasina.ch\\\/de\\\/\"},{\"@type\":\"ListItem\",\"position\":2,\"name\":\"Impressum\"}]},{\"@type\":\"WebSite\",\"@id\":\"https:\\\/\\\/novasina.ch\\\/de\\\/#website\",\"url\":\"https:\\\/\\\/novasina.ch\\\/de\\\/\",\"name\":\"Novasina\",\"description\":\"\",\"publisher\":{\"@id\":\"https:\\\/\\\/novasina.ch\\\/de\\\/#organization\"},\"potentialAction\":[{\"@type\":\"SearchAction\",\"target\":{\"@type\":\"EntryPoint\",\"urlTemplate\":\"https:\\\/\\\/novasina.ch\\\/de\\\/?s={search_term_string}\"},\"query-input\":{\"@type\":\"PropertyValueSpecification\",\"valueRequired\":true,\"valueName\":\"search_term_string\"}}],\"inLanguage\":\"de\"},{\"@type\":\"Organization\",\"@id\":\"https:\\\/\\\/novasina.ch\\\/de\\\/#organization\",\"name\":\"Novasina AG\",\"url\":\"https:\\\/\\\/novasina.ch\\\/de\\\/\",\"logo\":{\"@type\":\"ImageObject\",\"inLanguage\":\"de\",\"@id\":\"https:\\\/\\\/novasina.ch\\\/de\\\/#\\\/schema\\\/logo\\\/image\\\/\",\"url\":\"https:\\\/\\\/novasina.ch\\\/wp-content\\\/uploads\\\/2025\\\/06\\\/Logoplatzhalter2.png\",\"contentUrl\":\"https:\\\/\\\/novasina.ch\\\/wp-content\\\/uploads\\\/2025\\\/06\\\/Logoplatzhalter2.png\",\"width\":1060,\"height\":120,\"caption\":\"Novasina AG\"},\"image\":{\"@id\":\"https:\\\/\\\/novasina.ch\\\/de\\\/#\\\/schema\\\/logo\\\/image\\\/\"},\"sameAs\":[\"https:\\\/\\\/ch.linkedin.com\\\/company\\\/novasina-ag\",\"https:\\\/\\\/www.youtube.com\\\/@novasina-ag\"]}]}<\/script>\n<!-- \/ Yoast SEO plugin. -->","yoast_head_json":{"title":"Impressum - Novasina","robots":{"index":"index","follow":"follow","max-snippet":"max-snippet:-1","max-image-preview":"max-image-preview:large","max-video-preview":"max-video-preview:-1"},"canonical":"https:\/\/novasina.ch\/de\/impressum\/","og_locale":"de_DE","og_type":"article","og_title":"Impressum - Novasina","og_description":"Impressum Novasina AGNeuheimstrasse 12CH-8853 LachenSwitzerland Vertreten durch:Hr. Felix Oesch Kontakt Telefon: +41 55 642 67 67E-Mail: sales@novasina.ch UID Nummer CHE-113.389.765 MWST Redaktionell verantwortlich Novasina AGNeuheimstrasse 12CH-8853 LachenHr. Felix Oesch Telefon +41 55 642 67 67E-Mail sales@novasina.ch Verbraucher\u00adstreit\u00adbeilegung\/Universal\u00adschlichtungs\u00adstelle Wir sind nicht bereit oder verpflichtet, an Streitbeilegungsverfahren vor einer Verbraucherschlichtungsstelle teilzunehmen. Zentrale Kontaktstelle nach dem Digital Services...","og_url":"https:\/\/novasina.ch\/de\/impressum\/","og_site_name":"Novasina","article_modified_time":"2025-10-15T06:46:28+00:00","og_image":[{"url":"https:\/\/novasina.ch\/wp-content\/uploads\/2025\/08\/mindroom.webp","type":"","width":"","height":""}],"twitter_card":"summary_large_image","twitter_misc":{"Gesch\u00e4tzte Lesezeit":"2\u00a0Minuten"},"schema":{"@context":"https:\/\/schema.org","@graph":[{"@type":"WebPage","@id":"https:\/\/novasina.ch\/de\/impressum\/","url":"https:\/\/novasina.ch\/de\/impressum\/","name":"Impressum - Novasina","isPartOf":{"@id":"https:\/\/novasina.ch\/de\/#website"},"primaryImageOfPage":{"@id":"https:\/\/novasina.ch\/de\/impressum\/#primaryimage"},"image":{"@id":"https:\/\/novasina.ch\/de\/impressum\/#primaryimage"},"thumbnailUrl":"https:\/\/novasina.ch\/wp-content\/uploads\/2025\/08\/mindroom.webp","datePublished":"2025-08-05T10:01:48+00:00","dateModified":"2025-10-15T06:46:28+00:00","breadcrumb":{"@id":"https:\/\/novasina.ch\/de\/impressum\/#breadcrumb"},"inLanguage":"de","potentialAction":[{"@type":"ReadAction","target":["https:\/\/novasina.ch\/de\/impressum\/"]}]},{"@type":"ImageObject","inLanguage":"de","@id":"https:\/\/novasina.ch\/de\/impressum\/#primaryimage","url":"https:\/\/novasina.ch\/wp-content\/uploads\/2025\/08\/mindroom.webp","contentUrl":"https:\/\/novasina.ch\/wp-content\/uploads\/2025\/08\/mindroom.webp"},{"@type":"BreadcrumbList","@id":"https:\/\/novasina.ch\/de\/impressum\/#breadcrumb","itemListElement":[{"@type":"ListItem","position":1,"name":"Home","item":"https:\/\/novasina.ch\/de\/"},{"@type":"ListItem","position":2,"name":"Impressum"}]},{"@type":"WebSite","@id":"https:\/\/novasina.ch\/de\/#website","url":"https:\/\/novasina.ch\/de\/","name":"Novasina","description":"","publisher":{"@id":"https:\/\/novasina.ch\/de\/#organization"},"potentialAction":[{"@type":"SearchAction","target":{"@type":"EntryPoint","urlTemplate":"https:\/\/novasina.ch\/de\/?s={search_term_string}"},"query-input":{"@type":"PropertyValueSpecification","valueRequired":true,"valueName":"search_term_string"}}],"inLanguage":"de"},{"@type":"Organization","@id":"https:\/\/novasina.ch\/de\/#organization","name":"Novasina AG","url":"https:\/\/novasina.ch\/de\/","logo":{"@type":"ImageObject","inLanguage":"de","@id":"https:\/\/novasina.ch\/de\/#\/schema\/logo\/image\/","url":"https:\/\/novasina.ch\/wp-content\/uploads\/2025\/06\/Logoplatzhalter2.png","contentUrl":"https:\/\/novasina.ch\/wp-content\/uploads\/2025\/06\/Logoplatzhalter2.png","width":1060,"height":120,"caption":"Novasina AG"},"image":{"@id":"https:\/\/novasina.ch\/de\/#\/schema\/logo\/image\/"},"sameAs":["https:\/\/ch.linkedin.com\/company\/novasina-ag","https:\/\/www.youtube.com\/@novasina-ag"]}]}},"taxonomy_info":[],"featured_image_src_large":false,"author_info":{"display_name":"Novasina AG","author_link":"https:\/\/novasina.ch\/de\/author\/peterpontiggia\/"},"comment_info":0,"_links":{"self":[{"href":"https:\/\/novasina.ch\/de\/wp-json\/wp\/v2\/pages\/8243","targetHints":{"allow":["GET"]}}],"collection":[{"href":"https:\/\/novasina.ch\/de\/wp-json\/wp\/v2\/pages"}],"about":[{"href":"https:\/\/novasina.ch\/de\/wp-json\/wp\/v2\/types\/page"}],"author":[{"embeddable":true,"href":"https:\/\/novasina.ch\/de\/wp-json\/wp\/v2\/users\/2"}],"replies":[{"embeddable":true,"href":"https:\/\/novasina.ch\/de\/wp-json\/wp\/v2\/comments?post=8243"}],"version-history":[{"count":5,"href":"https:\/\/novasina.ch\/de\/wp-json\/wp\/v2\/pages\/8243\/revisions"}],"predecessor-version":[{"id":8665,"href":"https:\/\/novasina.ch\/de\/wp-json\/wp\/v2\/pages\/8243\/revisions\/8665"}],"wp:attachment":[{"href":"https:\/\/novasina.ch\/de\/wp-json\/wp\/v2\/media?parent=8243"}],"curies":[{"name":"wp","href":"https:\/\/api.w.org\/{rel}","templated":true}]}}